{"id":423,"date":"2025-08-05T16:50:39","date_gmt":"2025-08-05T16:50:39","guid":{"rendered":"https:\/\/americanmedicalinjurycenters.com\/?page_id=423"},"modified":"2025-08-12T21:40:30","modified_gmt":"2025-08-12T21:40:30","slug":"case-services","status":"publish","type":"page","link":"https:\/\/americanmedicalinjurycenters.com\/es\/case-services\/","title":{"rendered":"Servicios de casos"},"content":{"rendered":"<div data-elementor-type=\"wp-page\" data-elementor-id=\"423\" class=\"elementor elementor-423\" data-elementor-post-type=\"page\">\n\t\t\t\t\t\t<section class=\"elementor-section elementor-top-section elementor-element elementor-element-47271142 elementor-section-stretched elementor-section-height-min-height elementor-section-boxed elementor-section-height-default elementor-section-items-middle\" data-id=\"47271142\" data-element_type=\"section\" data-settings=\"{&quot;stretch_section&quot;:&quot;section-stretched&quot;,&quot;background_background&quot;:&quot;classic&quot;}\">\n\t\t\t\t\t\t\t<div class=\"elementor-background-overlay\"><\/div>\n\t\t\t\t\t\t\t<div class=\"elementor-container elementor-column-gap-default\">\n\t\t\t\t\t<div class=\"elementor-column elementor-col-100 elementor-top-column elementor-element elementor-element-362472c7\" data-id=\"362472c7\" data-element_type=\"column\">\n\t\t\t<div class=\"elementor-widget-wrap elementor-element-populated\">\n\t\t\t\t\t\t<section class=\"elementor-section elementor-inner-section elementor-element elementor-element-57791d85 elementor-section-boxed elementor-section-height-default elementor-section-height-default\" data-id=\"57791d85\" data-element_type=\"section\">\n\t\t\t\t\t\t<div class=\"elementor-container elementor-column-gap-default\">\n\t\t\t\t\t<div class=\"elementor-column elementor-col-100 elementor-inner-column elementor-element elementor-element-32c17638\" data-id=\"32c17638\" data-element_type=\"column\">\n\t\t\t<div class=\"elementor-widget-wrap elementor-element-populated\">\n\t\t\t\t\t\t<div class=\"elementor-element elementor-element-247bd998 elementor-invisible elementor-widget elementor-widget-heading\" data-id=\"247bd998\" data-element_type=\"widget\" data-settings=\"{&quot;_animation&quot;:&quot;fadeInUp&quot;}\" data-widget_type=\"heading.default\">\n\t\t\t\t\t<h1 class=\"elementor-heading-title elementor-size-default\">Servicios de casos<\/h1>\t\t\t\t<\/div>\n\t\t\t\t<div class=\"elementor-element elementor-element-b0e41f5 animated-slow elementor-invisible elementor-widget elementor-widget-text-editor\" data-id=\"b0e41f5\" data-element_type=\"widget\" data-settings=\"{&quot;_animation&quot;:&quot;fadeIn&quot;}\" data-widget_type=\"text-editor.default\">\n\t\t\t\t\t\t\t\t\t<p>Privacidad. Cuidado. Detalle. Los pilares de American Medical Injury Centers<\/p>\t\t\t\t\t\t\t\t<\/div>\n\t\t\t\t\t<\/div>\n\t\t<\/div>\n\t\t\t\t\t<\/div>\n\t\t<\/section>\n\t\t\t\t\t<\/div>\n\t\t<\/div>\n\t\t\t\t\t<\/div>\n\t\t<\/section>\n\t\t<div class=\"elementor-element elementor-element-70669f9 e-flex e-con-boxed e-con e-parent\" data-id=\"70669f9\" data-element_type=\"container\">\n\t\t\t\t\t<div class=\"e-con-inner\">\n\t\t<div class=\"elementor-element elementor-element-6393182 e-con-full e-flex e-con e-child\" data-id=\"6393182\" data-element_type=\"container\">\n\t\t<div class=\"elementor-element elementor-element-7d2b2ad e-con-full e-flex e-con e-child\" data-id=\"7d2b2ad\" data-element_type=\"container\">\n\t\t<div class=\"elementor-element elementor-element-7b865ac e-con-full e-flex elementor-invisible e-con e-child\" data-id=\"7b865ac\" data-element_type=\"container\" data-settings=\"{&quot;animation&quot;:&quot;fadeInUp&quot;}\">\n\t\t\t\t<div class=\"elementor-element elementor-element-0df0ac1 animated-slow elementor-invisible elementor-widget elementor-widget-image\" data-id=\"0df0ac1\" data-element_type=\"widget\" data-settings=\"{&quot;_animation&quot;:&quot;fadeInLeft&quot;}\" data-widget_type=\"image.default\">\n\t\t\t\t\t\t\t\t\t\t\t\t\t\t\t<img fetchpriority=\"high\" decoding=\"async\" width=\"612\" height=\"408\" src=\"https:\/\/americanmedicalinjurycenters.com\/wp-content\/uploads\/2025\/08\/RegionalMedicalGroup_Detailed-Injury-Report1.jpg\" class=\"attachment-full size-full wp-image-425\" alt=\"\" srcset=\"https:\/\/americanmedicalinjurycenters.com\/wp-content\/uploads\/2025\/08\/RegionalMedicalGroup_Detailed-Injury-Report1.jpg 612w, https:\/\/americanmedicalinjurycenters.com\/wp-content\/uploads\/2025\/08\/RegionalMedicalGroup_Detailed-Injury-Report1-300x200.jpg 300w\" sizes=\"(max-width: 612px) 100vw, 612px\" \/>\t\t\t\t\t\t\t\t\t\t\t\t\t\t\t<\/div>\n\t\t<div class=\"elementor-element elementor-element-c71f758 e-con-full e-flex e-con e-child\" data-id=\"c71f758\" data-element_type=\"container\">\n\t\t\t\t<div class=\"elementor-element elementor-element-c25b196 elementor-widget elementor-widget-heading\" data-id=\"c25b196\" data-element_type=\"widget\" data-widget_type=\"heading.default\">\n\t\t\t\t\t<p class=\"elementor-heading-title elementor-size-default\">Informes de lesiones precisos y detallados\n<\/p>\t\t\t\t<\/div>\n\t\t\t\t<div class=\"elementor-element elementor-element-85c01c9 elementor-widget elementor-widget-text-editor\" data-id=\"85c01c9\" data-element_type=\"widget\" data-widget_type=\"text-editor.default\">\n\t\t\t\t\t\t\t\t\t<p>En American Medical Injury Centers, nuestros m\u00e9dicos y profesionales m\u00e9dicos experimentados se especializan en el tratamiento de lesiones relacionadas con accidentes automovil\u00edsticos, accidentes de motocicleta, reclamos de compensaci\u00f3n laboral y otros casos de lesiones personales.<\/p><p>Entendemos la importancia de una documentaci\u00f3n exhaustiva para su recuperaci\u00f3n y su caso. Por eso, nos esmeramos en proporcionar informes de lesiones precisos y detallados, garantizando que cada aspecto de su condici\u00f3n quede registrado de forma clara y profesional para su aseguradora, abogado y cualquier otra parte involucrada.<\/p>\t\t\t\t\t\t\t\t<\/div>\n\t\t\t\t<div class=\"elementor-element elementor-element-91475d9 elementor-align-left elementor-widget elementor-widget-button\" data-id=\"91475d9\" data-element_type=\"widget\" data-widget_type=\"button.default\">\n\t\t\t\t\t\t\t\t\t\t<a class=\"elementor-button elementor-button-link elementor-size-sm\" href=\"https:\/\/americanmedicalinjurycenters.com\/es\/contact\/\">\n\t\t\t\t\t\t<span class=\"elementor-button-content-wrapper\">\n\t\t\t\t\t\t<span class=\"elementor-button-icon\">\n\t\t\t\t<svg aria-hidden=\"true\" class=\"e-font-icon-svg e-far-calendar-plus\" viewbox=\"0 0 448 512\" xmlns=\"http:\/\/www.w3.org\/2000\/svg\"><path d=\"M336 292v24c0 6.6-5.4 12-12 12h-76v76c0 6.6-5.4 12-12 12h-24c-6.6 0-12-5.4-12-12v-76h-76c-6.6 0-12-5.4-12-12v-24c0-6.6 5.4-12 12-12h76v-76c0-6.6 5.4-12 12-12h24c6.6 0 12 5.4 12 12v76h76c6.6 0 12 5.4 12 12zm112-180v352c0 26.5-21.5 48-48 48H48c-26.5 0-48-21.5-48-48V112c0-26.5 21.5-48 48-48h48V12c0-6.6 5.4-12 12-12h40c6.6 0 12 5.4 12 12v52h128V12c0-6.6 5.4-12 12-12h40c6.6 0 12 5.4 12 12v52h48c26.5 0 48 21.5 48 48zm-48 346V160H48v298c0 3.3 2.7 6 6 6h340c3.3 0 6-2.7 6-6z\"><\/path><\/svg>\t\t\t<\/span>\n\t\t\t\t\t\t\t\t\t<span class=\"elementor-button-text\">\u00a1Contactar ahora!<\/span>\n\t\t\t\t\t<\/span>\n\t\t\t\t\t<\/a>\n\t\t\t\t\t\t\t\t<\/div>\n\t\t\t\t<\/div>\n\t\t\t\t<\/div>\n\t\t\t\t<\/div>\n\t\t\t\t<\/div>\n\t\t\t\t\t<\/div>\n\t\t\t\t<\/div>\n\t\t<div class=\"elementor-element elementor-element-3b8d9b6 e-flex e-con-boxed e-con e-parent\" data-id=\"3b8d9b6\" data-element_type=\"container\">\n\t\t\t\t\t<div class=\"e-con-inner\">\n\t\t<div class=\"elementor-element elementor-element-f7bb2e0 e-con-full e-flex e-con e-child\" data-id=\"f7bb2e0\" data-element_type=\"container\">\n\t\t<div class=\"elementor-element elementor-element-0596eb9 e-con-full e-flex e-con e-child\" data-id=\"0596eb9\" data-element_type=\"container\">\n\t\t<div class=\"elementor-element elementor-element-3add7d9 e-con-full e-flex elementor-invisible e-con e-child\" data-id=\"3add7d9\" data-element_type=\"container\" data-settings=\"{&quot;animation&quot;:&quot;fadeInUp&quot;}\">\n\t\t<div class=\"elementor-element elementor-element-f3743c4 e-con-full animated-slow e-flex elementor-invisible e-con e-child\" data-id=\"f3743c4\" data-element_type=\"container\" data-settings=\"{&quot;animation&quot;:&quot;fadeInLeft&quot;}\">\n\t\t\t\t<div class=\"elementor-element elementor-element-1a464c0 elementor-widget elementor-widget-heading\" data-id=\"1a464c0\" data-element_type=\"widget\" data-widget_type=\"heading.default\">\n\t\t\t\t\t<p class=\"elementor-heading-title elementor-size-default\">Gesti\u00f3n de expedientes\n<\/p>\t\t\t\t<\/div>\n\t\t\t\t<div class=\"elementor-element elementor-element-35a92fb elementor-widget elementor-widget-text-editor\" data-id=\"35a92fb\" data-element_type=\"widget\" data-widget_type=\"text-editor.default\">\n\t\t\t\t\t\t\t\t\t<p>En American Medical Injury Centers, proteger su privacidad es nuestra m\u00e1xima prioridad. Nuestro equipo de profesionales m\u00e9dicos se compromete a proteger su informaci\u00f3n personal y m\u00e9dica con el m\u00e1ximo cuidado y confidencialidad.<\/p><p>Todos los historiales cl\u00ednicos de los pacientes se gestionan de forma segura y se gestionan estrictamente seg\u00fan sea necesario. El acceso a su informaci\u00f3n confidencial est\u00e1 limitado a su m\u00e9dico tratante y solo a aquellas personas o entidades a quienes usted haya otorgado su consentimiento expl\u00edcito.<\/p>\t\t\t\t\t\t\t\t<\/div>\n\t\t\t\t<div class=\"elementor-element elementor-element-1289778 elementor-align-left elementor-widget elementor-widget-button\" data-id=\"1289778\" data-element_type=\"widget\" data-widget_type=\"button.default\">\n\t\t\t\t\t\t\t\t\t\t<a class=\"elementor-button elementor-button-link elementor-size-sm\" href=\"https:\/\/americanmedicalinjurycenters.com\/es\/contact\/\">\n\t\t\t\t\t\t<span class=\"elementor-button-content-wrapper\">\n\t\t\t\t\t\t<span class=\"elementor-button-icon\">\n\t\t\t\t<svg aria-hidden=\"true\" class=\"e-font-icon-svg e-far-calendar-plus\" viewbox=\"0 0 448 512\" xmlns=\"http:\/\/www.w3.org\/2000\/svg\"><path d=\"M336 292v24c0 6.6-5.4 12-12 12h-76v76c0 6.6-5.4 12-12 12h-24c-6.6 0-12-5.4-12-12v-76h-76c-6.6 0-12-5.4-12-12v-24c0-6.6 5.4-12 12-12h76v-76c0-6.6 5.4-12 12-12h24c6.6 0 12 5.4 12 12v76h76c6.6 0 12 5.4 12 12zm112-180v352c0 26.5-21.5 48-48 48H48c-26.5 0-48-21.5-48-48V112c0-26.5 21.5-48 48-48h48V12c0-6.6 5.4-12 12-12h40c6.6 0 12 5.4 12 12v52h128V12c0-6.6 5.4-12 12-12h40c6.6 0 12 5.4 12 12v52h48c26.5 0 48 21.5 48 48zm-48 346V160H48v298c0 3.3 2.7 6 6 6h340c3.3 0 6-2.7 6-6z\"><\/path><\/svg>\t\t\t<\/span>\n\t\t\t\t\t\t\t\t\t<span class=\"elementor-button-text\">\u00a1Contactar ahora!<\/span>\n\t\t\t\t\t<\/span>\n\t\t\t\t\t<\/a>\n\t\t\t\t\t\t\t\t<\/div>\n\t\t\t\t<\/div>\n\t\t\t\t<div class=\"elementor-element elementor-element-efa075a animated-slow elementor-invisible elementor-widget elementor-widget-image\" data-id=\"efa075a\" data-element_type=\"widget\" data-settings=\"{&quot;_animation&quot;:&quot;fadeInRight&quot;}\" data-widget_type=\"image.default\">\n\t\t\t\t\t\t\t\t\t\t\t\t\t\t\t<img decoding=\"async\" width=\"612\" height=\"408\" src=\"https:\/\/americanmedicalinjurycenters.com\/wp-content\/uploads\/2025\/08\/Case-Management-of-Files.jpg\" class=\"attachment-full size-full wp-image-432\" alt=\"\" srcset=\"https:\/\/americanmedicalinjurycenters.com\/wp-content\/uploads\/2025\/08\/Case-Management-of-Files.jpg 612w, https:\/\/americanmedicalinjurycenters.com\/wp-content\/uploads\/2025\/08\/Case-Management-of-Files-300x200.jpg 300w\" sizes=\"(max-width: 612px) 100vw, 612px\" \/>\t\t\t\t\t\t\t\t\t\t\t\t\t\t\t<\/div>\n\t\t\t\t<\/div>\n\t\t\t\t<\/div>\n\t\t\t\t<\/div>\n\t\t\t\t\t<\/div>\n\t\t\t\t<\/div>\n\t\t<div class=\"elementor-element elementor-element-845fb68 e-flex e-con-boxed e-con e-parent\" data-id=\"845fb68\" data-element_type=\"container\">\n\t\t\t\t\t<div class=\"e-con-inner\">\n\t\t<div class=\"elementor-element elementor-element-9d56884 e-con-full e-flex e-con e-child\" data-id=\"9d56884\" data-element_type=\"container\">\n\t\t<div class=\"elementor-element elementor-element-de7de58 e-con-full e-flex e-con e-child\" data-id=\"de7de58\" data-element_type=\"container\">\n\t\t<div class=\"elementor-element elementor-element-e474654 e-con-full e-flex elementor-invisible e-con e-child\" data-id=\"e474654\" data-element_type=\"container\" data-settings=\"{&quot;animation&quot;:&quot;fadeInUp&quot;}\">\n\t\t\t\t<div class=\"elementor-element elementor-element-460c90f animated-slow elementor-invisible elementor-widget elementor-widget-image\" data-id=\"460c90f\" data-element_type=\"widget\" data-settings=\"{&quot;_animation&quot;:&quot;fadeInLeft&quot;}\" data-widget_type=\"image.default\">\n\t\t\t\t\t\t\t\t\t\t\t\t\t\t\t<img decoding=\"async\" width=\"612\" height=\"402\" src=\"https:\/\/americanmedicalinjurycenters.com\/wp-content\/uploads\/2025\/08\/Independent-Medical-Evaluation_American_Medical_Injury_Centers.jpg\" class=\"attachment-full size-full wp-image-436\" alt=\"\" srcset=\"https:\/\/americanmedicalinjurycenters.com\/wp-content\/uploads\/2025\/08\/Independent-Medical-Evaluation_American_Medical_Injury_Centers.jpg 612w, https:\/\/americanmedicalinjurycenters.com\/wp-content\/uploads\/2025\/08\/Independent-Medical-Evaluation_American_Medical_Injury_Centers-300x197.jpg 300w\" sizes=\"(max-width: 612px) 100vw, 612px\" \/>\t\t\t\t\t\t\t\t\t\t\t\t\t\t\t<\/div>\n\t\t<div class=\"elementor-element elementor-element-9dc3747 e-con-full animated-slow e-flex elementor-invisible e-con e-child\" data-id=\"9dc3747\" data-element_type=\"container\" data-settings=\"{&quot;animation&quot;:&quot;fadeInRight&quot;}\">\n\t\t\t\t<div class=\"elementor-element elementor-element-362aebd elementor-widget elementor-widget-heading\" data-id=\"362aebd\" data-element_type=\"widget\" data-widget_type=\"heading.default\">\n\t\t\t\t\t<p class=\"elementor-heading-title elementor-size-default\">Evaluaci\u00f3n m\u00e9dica independiente\n<\/p>\t\t\t\t<\/div>\n\t\t\t\t<div class=\"elementor-element elementor-element-beeaf22 elementor-widget elementor-widget-text-editor\" data-id=\"beeaf22\" data-element_type=\"widget\" data-widget_type=\"text-editor.default\">\n\t\t\t\t\t\t\t\t\t<p>En American Medical Injury Centers, nuestras evaluaciones m\u00e9dicas se realizan con compasi\u00f3n y precisi\u00f3n para comprender el alcance total de las lesiones resultantes de accidentes.<br \/>Cada examen es administrado cuidadosamente por profesionales m\u00e9dicos experimentados para diagnosticar con precisi\u00f3n su condici\u00f3n, determinar el plan de tratamiento m\u00e1s efectivo y monitorear su progreso de recuperaci\u00f3n a lo largo del tiempo.<\/p>\t\t\t\t\t\t\t\t<\/div>\n\t\t\t\t<div class=\"elementor-element elementor-element-270d6d1 elementor-align-left elementor-widget elementor-widget-button\" data-id=\"270d6d1\" data-element_type=\"widget\" data-widget_type=\"button.default\">\n\t\t\t\t\t\t\t\t\t\t<a class=\"elementor-button elementor-button-link elementor-size-sm\" href=\"https:\/\/americanmedicalinjurycenters.com\/es\/contact\/\">\n\t\t\t\t\t\t<span class=\"elementor-button-content-wrapper\">\n\t\t\t\t\t\t<span class=\"elementor-button-icon\">\n\t\t\t\t<svg aria-hidden=\"true\" class=\"e-font-icon-svg e-far-calendar-plus\" viewbox=\"0 0 448 512\" xmlns=\"http:\/\/www.w3.org\/2000\/svg\"><path d=\"M336 292v24c0 6.6-5.4 12-12 12h-76v76c0 6.6-5.4 12-12 12h-24c-6.6 0-12-5.4-12-12v-76h-76c-6.6 0-12-5.4-12-12v-24c0-6.6 5.4-12 12-12h76v-76c0-6.6 5.4-12 12-12h24c6.6 0 12 5.4 12 12v76h76c6.6 0 12 5.4 12 12zm112-180v352c0 26.5-21.5 48-48 48H48c-26.5 0-48-21.5-48-48V112c0-26.5 21.5-48 48-48h48V12c0-6.6 5.4-12 12-12h40c6.6 0 12 5.4 12 12v52h128V12c0-6.6 5.4-12 12-12h40c6.6 0 12 5.4 12 12v52h48c26.5 0 48 21.5 48 48zm-48 346V160H48v298c0 3.3 2.7 6 6 6h340c3.3 0 6-2.7 6-6z\"><\/path><\/svg>\t\t\t<\/span>\n\t\t\t\t\t\t\t\t\t<span class=\"elementor-button-text\">\u00a1Contactar ahora!<\/span>\n\t\t\t\t\t<\/span>\n\t\t\t\t\t<\/a>\n\t\t\t\t\t\t\t\t<\/div>\n\t\t\t\t<\/div>\n\t\t\t\t<\/div>\n\t\t\t\t<\/div>\n\t\t\t\t<\/div>\n\t\t\t\t\t<\/div>\n\t\t\t\t<\/div>\n\t\t<div class=\"elementor-element elementor-element-45dd2e8 e-flex e-con-boxed e-con e-parent\" data-id=\"45dd2e8\" data-element_type=\"container\">\n\t\t\t\t\t<div class=\"e-con-inner\">\n\t\t<div class=\"elementor-element elementor-element-2951b02 e-con-full e-flex e-con e-child\" data-id=\"2951b02\" data-element_type=\"container\">\n\t\t<div class=\"elementor-element elementor-element-e42b171 e-con-full e-flex e-con e-child\" data-id=\"e42b171\" data-element_type=\"container\">\n\t\t<div class=\"elementor-element elementor-element-c0dcc67 e-con-full e-flex elementor-invisible e-con e-child\" data-id=\"c0dcc67\" data-element_type=\"container\" data-settings=\"{&quot;animation&quot;:&quot;fadeInUp&quot;}\">\n\t\t<div class=\"elementor-element elementor-element-6d77fa5 e-con-full animated-slow e-flex elementor-invisible e-con e-child\" data-id=\"6d77fa5\" data-element_type=\"container\" data-settings=\"{&quot;animation&quot;:&quot;fadeInLeft&quot;}\">\n\t\t\t\t<div class=\"elementor-element elementor-element-a9a7320 elementor-widget elementor-widget-heading\" data-id=\"a9a7320\" data-element_type=\"widget\" data-widget_type=\"heading.default\">\n\t\t\t\t\t<p class=\"elementor-heading-title elementor-size-default\">Alianza estrat\u00e9gica con especialistas locales\n<\/p>\t\t\t\t<\/div>\n\t\t\t\t<div class=\"elementor-element elementor-element-0bb9e99 elementor-widget elementor-widget-text-editor\" data-id=\"0bb9e99\" data-element_type=\"widget\" data-widget_type=\"text-editor.default\">\n\t\t\t\t\t\t\t\t\t<p>En American Medical Injury Centers, su salud y recuperaci\u00f3n son nuestra prioridad. Para garantizar que reciba la atenci\u00f3n m\u00e1s completa posible, hemos establecido alianzas de confianza con una red de especialistas locales de gran prestigio.<br \/><br \/>Cuando un tratamiento, procedimiento o cirug\u00eda queda fuera del alcance de nuestros servicios internos, coordinamos sin problemas su atenci\u00f3n con profesionales de primer nivel, incluidos fisioterapeutas, cirujanos de columna y neurocirujanos, todos cuidadosamente examinados por su experiencia y compromiso con la atenci\u00f3n al paciente.<\/p>\t\t\t\t\t\t\t\t<\/div>\n\t\t\t\t<div class=\"elementor-element elementor-element-ac8f8a1 elementor-align-left elementor-widget elementor-widget-button\" data-id=\"ac8f8a1\" data-element_type=\"widget\" data-widget_type=\"button.default\">\n\t\t\t\t\t\t\t\t\t\t<a class=\"elementor-button elementor-button-link elementor-size-sm\" href=\"https:\/\/americanmedicalinjurycenters.com\/es\/contact\/\">\n\t\t\t\t\t\t<span class=\"elementor-button-content-wrapper\">\n\t\t\t\t\t\t<span class=\"elementor-button-icon\">\n\t\t\t\t<svg aria-hidden=\"true\" class=\"e-font-icon-svg e-far-calendar-plus\" viewbox=\"0 0 448 512\" xmlns=\"http:\/\/www.w3.org\/2000\/svg\"><path d=\"M336 292v24c0 6.6-5.4 12-12 12h-76v76c0 6.6-5.4 12-12 12h-24c-6.6 0-12-5.4-12-12v-76h-76c-6.6 0-12-5.4-12-12v-24c0-6.6 5.4-12 12-12h76v-76c0-6.6 5.4-12 12-12h24c6.6 0 12 5.4 12 12v76h76c6.6 0 12 5.4 12 12zm112-180v352c0 26.5-21.5 48-48 48H48c-26.5 0-48-21.5-48-48V112c0-26.5 21.5-48 48-48h48V12c0-6.6 5.4-12 12-12h40c6.6 0 12 5.4 12 12v52h128V12c0-6.6 5.4-12 12-12h40c6.6 0 12 5.4 12 12v52h48c26.5 0 48 21.5 48 48zm-48 346V160H48v298c0 3.3 2.7 6 6 6h340c3.3 0 6-2.7 6-6z\"><\/path><\/svg>\t\t\t<\/span>\n\t\t\t\t\t\t\t\t\t<span class=\"elementor-button-text\">\u00a1Contactar ahora!<\/span>\n\t\t\t\t\t<\/span>\n\t\t\t\t\t<\/a>\n\t\t\t\t\t\t\t\t<\/div>\n\t\t\t\t<\/div>\n\t\t\t\t<div class=\"elementor-element elementor-element-e3b1ce8 animated-slow elementor-invisible elementor-widget elementor-widget-image\" data-id=\"e3b1ce8\" data-element_type=\"widget\" data-settings=\"{&quot;_animation&quot;:&quot;fadeInRight&quot;}\" data-widget_type=\"image.default\">\n\t\t\t\t\t\t\t\t\t\t\t\t\t\t\t<img loading=\"lazy\" decoding=\"async\" width=\"612\" height=\"394\" src=\"https:\/\/americanmedicalinjurycenters.com\/wp-content\/uploads\/2025\/08\/American_Medical_Injury_Centers-Strategic-Alliance-with-Local-Specialists.jpg\" class=\"attachment-full size-full wp-image-440\" alt=\"\" srcset=\"https:\/\/americanmedicalinjurycenters.com\/wp-content\/uploads\/2025\/08\/American_Medical_Injury_Centers-Strategic-Alliance-with-Local-Specialists.jpg 612w, https:\/\/americanmedicalinjurycenters.com\/wp-content\/uploads\/2025\/08\/American_Medical_Injury_Centers-Strategic-Alliance-with-Local-Specialists-300x193.jpg 300w\" sizes=\"(max-width: 612px) 100vw, 612px\" \/>\t\t\t\t\t\t\t\t\t\t\t\t\t\t\t<\/div>\n\t\t\t\t<\/div>\n\t\t\t\t<\/div>\n\t\t\t\t<\/div>\n\t\t\t\t\t<\/div>\n\t\t\t\t<\/div>\n\t\t\t\t<section class=\"elementor-section elementor-top-section elementor-element elementor-element-6f890d12 elementor-section-stretched elementor-section-boxed elementor-section-height-default elementor-section-height-default\" data-id=\"6f890d12\" data-element_type=\"section\" data-settings=\"{&quot;stretch_section&quot;:&quot;section-stretched&quot;,&quot;background_background&quot;:&quot;video&quot;,&quot;background_video_link&quot;:&quot;https:\\\/\\\/www.youtube.com\\\/watch?v=rVVv5kUoxME&quot;}\">\n\t\t\t\t\t\t\t\t<div class=\"elementor-background-video-container elementor-hidden-mobile\" aria-hidden=\"true\">\n\t\t\t\t\t\t\t\t\t\t\t\t\t<div class=\"elementor-background-video-embed\"><\/div>\n\t\t\t\t\t\t\t\t\t\t\t\t<\/div>\n\t\t\t\t\t\t\t\t\t<div class=\"elementor-background-overlay\"><\/div>\n\t\t\t\t\t\t\t<div class=\"elementor-container elementor-column-gap-default\">\n\t\t\t\t\t<div class=\"elementor-column elementor-col-100 elementor-top-column elementor-element elementor-element-7117a33b\" data-id=\"7117a33b\" data-element_type=\"column\" data-settings=\"{&quot;background_background&quot;:&quot;classic&quot;}\">\n\t\t\t<div class=\"elementor-widget-wrap elementor-element-populated\">\n\t\t\t\t\t\t<section class=\"elementor-section elementor-inner-section elementor-element elementor-element-11b0a02 elementor-section-boxed elementor-section-height-default elementor-section-height-default\" data-id=\"11b0a02\" data-element_type=\"section\" data-settings=\"{&quot;background_background&quot;:&quot;classic&quot;}\">\n\t\t\t\t\t\t<div class=\"elementor-container elementor-column-gap-default\">\n\t\t\t\t\t<div class=\"elementor-column elementor-col-50 elementor-inner-column elementor-element elementor-element-4fbd66d2 elementor-invisible\" data-id=\"4fbd66d2\" data-element_type=\"column\" data-settings=\"{&quot;animation&quot;:&quot;fadeInUp&quot;}\">\n\t\t\t<div class=\"elementor-widget-wrap elementor-element-populated\">\n\t\t\t\t\t\t<div class=\"elementor-element elementor-element-4e09071f elementor-widget elementor-widget-text-editor\" data-id=\"4e09071f\" data-element_type=\"widget\" data-widget_type=\"text-editor.default\">\n\t\t\t\t\t\t\t\t\t<div class=\"qx-subtitle\"><p>Si necesita atenci\u00f3n urgente, simplemente llame a nuestra l\u00ednea directa de emergencia las 24 horas.<\/p><\/div>\t\t\t\t\t\t\t\t<\/div>\n\t\t\t\t<div class=\"elementor-element elementor-element-57bd12d1 elementor-widget elementor-widget-heading\" data-id=\"57bd12d1\" data-element_type=\"widget\" data-widget_type=\"heading.default\">\n\t\t\t\t\t<h2 class=\"elementor-heading-title elementor-size-default\">Tu gestor de caso personal se asegurar\u00e1 de que recibas la mejor atenci\u00f3n posible.<\/h2>\t\t\t\t<\/div>\n\t\t\t\t\t<\/div>\n\t\t<\/div>\n\t\t\t\t<div class=\"elementor-column elementor-col-50 elementor-inner-column elementor-element elementor-element-461ac58d elementor-invisible\" data-id=\"461ac58d\" data-element_type=\"column\" data-settings=\"{&quot;animation&quot;:&quot;fadeInUp&quot;,&quot;animation_delay&quot;:100}\">\n\t\t\t<div class=\"elementor-widget-wrap elementor-element-populated\">\n\t\t\t\t\t\t<div class=\"elementor-element elementor-element-7e7d6b2f elementor-widget elementor-widget-text-editor\" data-id=\"7e7d6b2f\" data-element_type=\"widget\" data-widget_type=\"text-editor.default\">\n\t\t\t\t\t\t\t\t\t<p>Llama ahora (gratis)<\/p>\t\t\t\t\t\t\t\t<\/div>\n\t\t\t\t<div class=\"elementor-element elementor-element-8868bf7 elementor-widget elementor-widget-heading\" data-id=\"8868bf7\" data-element_type=\"widget\" data-widget_type=\"heading.default\">\n\t\t\t\t\t<p class=\"elementor-heading-title elementor-size-default\"><a href=\"tel:%20+14704043155\">(470) 404 3155<\/a><\/p>\t\t\t\t<\/div>\n\t\t\t\t\t<\/div>\n\t\t<\/div>\n\t\t\t\t\t<\/div>\n\t\t<\/section>\n\t\t\t\t\t<\/div>\n\t\t<\/div>\n\t\t\t\t\t<\/div>\n\t\t<\/section>\n\t\t\t\t<\/div>","protected":false},"excerpt":{"rendered":"<p>Case Services Privacy. Care. Detail. The cornerstones of American Medical Injury Centers Accurate &amp; Detailed Injury Reports At American Medical Injury Centers, our experienced doctors and medical professionals specialize in treating injuries related to car accidents, motorcycle accidents, workers\u2019 compensation claims, and other personal injury cases. We understand how important thorough documentation is to your [&hellip;]<\/p>","protected":false},"author":1,"featured_media":0,"parent":0,"menu_order":0,"comment_status":"closed","ping_status":"closed","template":"","meta":{"_joinchat":[],"footnotes":""},"class_list":["post-423","page","type-page","status-publish","hentry"],"_links":{"self":[{"href":"https:\/\/americanmedicalinjurycenters.com\/es\/wp-json\/wp\/v2\/pages\/423","targetHints":{"allow":["GET"]}}],"collection":[{"href":"https:\/\/americanmedicalinjurycenters.com\/es\/wp-json\/wp\/v2\/pages"}],"about":[{"href":"https:\/\/americanmedicalinjurycenters.com\/es\/wp-json\/wp\/v2\/types\/page"}],"author":[{"embeddable":true,"href":"https:\/\/americanmedicalinjurycenters.com\/es\/wp-json\/wp\/v2\/users\/1"}],"replies":[{"embeddable":true,"href":"https:\/\/americanmedicalinjurycenters.com\/es\/wp-json\/wp\/v2\/comments?post=423"}],"version-history":[{"count":31,"href":"https:\/\/americanmedicalinjurycenters.com\/es\/wp-json\/wp\/v2\/pages\/423\/revisions"}],"predecessor-version":[{"id":842,"href":"https:\/\/americanmedicalinjurycenters.com\/es\/wp-json\/wp\/v2\/pages\/423\/revisions\/842"}],"wp:attachment":[{"href":"https:\/\/americanmedicalinjurycenters.com\/es\/wp-json\/wp\/v2\/media?parent=423"}],"curies":[{"name":"wp","href":"https:\/\/api.w.org\/{rel}","templated":true}]}}