{"id":59,"date":"2025-07-31T18:04:18","date_gmt":"2025-07-31T18:04:18","guid":{"rendered":"https:\/\/americanmedicalinjurycenters.com\/?page_id=59"},"modified":"2025-08-12T18:36:54","modified_gmt":"2025-08-12T18:36:54","slug":"patient-services","status":"publish","type":"page","link":"https:\/\/americanmedicalinjurycenters.com\/es\/patient-services\/","title":{"rendered":"Servicios al Paciente"},"content":{"rendered":"<div data-elementor-type=\"wp-page\" data-elementor-id=\"59\" class=\"elementor elementor-59\" data-elementor-post-type=\"page\">\n\t\t\t\t\t\t<section class=\"elementor-section elementor-top-section elementor-element elementor-element-47271142 elementor-section-stretched elementor-section-height-min-height elementor-section-boxed elementor-section-height-default elementor-section-items-middle\" data-id=\"47271142\" data-element_type=\"section\" data-settings=\"{&quot;stretch_section&quot;:&quot;section-stretched&quot;,&quot;background_background&quot;:&quot;classic&quot;}\">\n\t\t\t\t\t\t\t<div class=\"elementor-background-overlay\"><\/div>\n\t\t\t\t\t\t\t<div class=\"elementor-container elementor-column-gap-default\">\n\t\t\t\t\t<div class=\"elementor-column elementor-col-100 elementor-top-column elementor-element elementor-element-362472c7\" data-id=\"362472c7\" data-element_type=\"column\">\n\t\t\t<div class=\"elementor-widget-wrap elementor-element-populated\">\n\t\t\t\t\t\t<section class=\"elementor-section elementor-inner-section elementor-element elementor-element-57791d85 elementor-section-boxed elementor-section-height-default elementor-section-height-default\" data-id=\"57791d85\" data-element_type=\"section\">\n\t\t\t\t\t\t<div class=\"elementor-container elementor-column-gap-default\">\n\t\t\t\t\t<div class=\"elementor-column elementor-col-100 elementor-inner-column elementor-element elementor-element-32c17638\" data-id=\"32c17638\" data-element_type=\"column\">\n\t\t\t<div class=\"elementor-widget-wrap elementor-element-populated\">\n\t\t\t\t\t\t<div class=\"elementor-element elementor-element-247bd998 elementor-invisible elementor-widget elementor-widget-heading\" data-id=\"247bd998\" data-element_type=\"widget\" data-settings=\"{&quot;_animation&quot;:&quot;fadeInUp&quot;}\" data-widget_type=\"heading.default\">\n\t\t\t\t\t<h1 class=\"elementor-heading-title elementor-size-default\">Servicios al Paciente<\/h1>\t\t\t\t<\/div>\n\t\t\t\t<div class=\"elementor-element elementor-element-b0e41f5 animated-slow elementor-invisible elementor-widget elementor-widget-text-editor\" data-id=\"b0e41f5\" data-element_type=\"widget\" data-settings=\"{&quot;_animation&quot;:&quot;fadeIn&quot;}\" data-widget_type=\"text-editor.default\">\n\t\t\t\t\t\t\t\t\t<p>Our services are designed to diagnose, treat, and meet your accidental injury needs.<\/p>\t\t\t\t\t\t\t\t<\/div>\n\t\t\t\t\t<\/div>\n\t\t<\/div>\n\t\t\t\t\t<\/div>\n\t\t<\/section>\n\t\t\t\t\t<\/div>\n\t\t<\/div>\n\t\t\t\t\t<\/div>\n\t\t<\/section>\n\t\t<div class=\"elementor-element elementor-element-70669f9 e-flex e-con-boxed e-con e-parent\" data-id=\"70669f9\" data-element_type=\"container\">\n\t\t\t\t\t<div class=\"e-con-inner\">\n\t\t<div class=\"elementor-element elementor-element-6393182 e-con-full e-flex e-con e-child\" data-id=\"6393182\" data-element_type=\"container\">\n\t\t<div class=\"elementor-element elementor-element-7d2b2ad e-con-full e-flex e-con e-child\" data-id=\"7d2b2ad\" data-element_type=\"container\">\n\t\t<div class=\"elementor-element elementor-element-7b865ac e-con-full e-flex elementor-invisible e-con e-child\" data-id=\"7b865ac\" data-element_type=\"container\" data-settings=\"{&quot;animation&quot;:&quot;fadeInUp&quot;}\">\n\t\t\t\t<div class=\"elementor-element elementor-element-0df0ac1 animated-slow elementor-invisible elementor-widget elementor-widget-image\" data-id=\"0df0ac1\" data-element_type=\"widget\" data-settings=\"{&quot;_animation&quot;:&quot;fadeInLeft&quot;}\" data-widget_type=\"image.default\">\n\t\t\t\t\t\t\t\t\t\t\t\t\t\t\t<img fetchpriority=\"high\" decoding=\"async\" width=\"612\" height=\"408\" src=\"https:\/\/americanmedicalinjurycenters.com\/wp-content\/uploads\/2025\/08\/174973389.jpg\" class=\"attachment-full size-full wp-image-407\" alt=\"\" srcset=\"https:\/\/americanmedicalinjurycenters.com\/wp-content\/uploads\/2025\/08\/174973389.jpg 612w, https:\/\/americanmedicalinjurycenters.com\/wp-content\/uploads\/2025\/08\/174973389-300x200.jpg 300w\" sizes=\"(max-width: 612px) 100vw, 612px\" \/>\t\t\t\t\t\t\t\t\t\t\t\t\t\t\t<\/div>\n\t\t<div class=\"elementor-element elementor-element-c71f758 e-con-full e-flex e-con e-child\" data-id=\"c71f758\" data-element_type=\"container\">\n\t\t\t\t<div class=\"elementor-element elementor-element-c25b196 elementor-widget elementor-widget-heading\" data-id=\"c25b196\" data-element_type=\"widget\" data-widget_type=\"heading.default\">\n\t\t\t\t\t<p class=\"elementor-heading-title elementor-size-default\">Disponibilidad inmediata de citas\n<\/p>\t\t\t\t<\/div>\n\t\t\t\t<div class=\"elementor-element elementor-element-85c01c9 elementor-widget elementor-widget-text-editor\" data-id=\"85c01c9\" data-element_type=\"widget\" data-widget_type=\"text-editor.default\">\n\t\t\t\t\t\t\t\t\t<p>En American Medical Injury Centers, entendemos que las lesiones pueden ocurrir inesperadamente y requieren atenci\u00f3n m\u00e9dica inmediata. Por eso, nuestros m\u00e9dicos especialistas en lesiones personales reservan horarios espec\u00edficos para pacientes con lesiones agudas que requieren atenci\u00f3n inmediata, a la vez que garantizan un servicio oportuno para quienes tienen citas programadas.<\/p><p>Tratamos a cada paciente que entra por nuestras puertas con compasi\u00f3n, respeto y atenci\u00f3n. Si cree que necesita una cita urgente, no dude en contactarnos; estamos aqu\u00ed para ayudarle.<\/p>\t\t\t\t\t\t\t\t<\/div>\n\t\t\t\t<div class=\"elementor-element elementor-element-91475d9 elementor-align-left elementor-widget elementor-widget-button\" data-id=\"91475d9\" data-element_type=\"widget\" data-widget_type=\"button.default\">\n\t\t\t\t\t\t\t\t\t\t<a class=\"elementor-button elementor-button-link elementor-size-sm\" href=\"https:\/\/americanmedicalinjurycenters.com\/es\/contact\/\">\n\t\t\t\t\t\t<span class=\"elementor-button-content-wrapper\">\n\t\t\t\t\t\t<span class=\"elementor-button-icon\">\n\t\t\t\t<svg aria-hidden=\"true\" class=\"e-font-icon-svg e-far-calendar-plus\" viewbox=\"0 0 448 512\" xmlns=\"http:\/\/www.w3.org\/2000\/svg\"><path d=\"M336 292v24c0 6.6-5.4 12-12 12h-76v76c0 6.6-5.4 12-12 12h-24c-6.6 0-12-5.4-12-12v-76h-76c-6.6 0-12-5.4-12-12v-24c0-6.6 5.4-12 12-12h76v-76c0-6.6 5.4-12 12-12h24c6.6 0 12 5.4 12 12v76h76c6.6 0 12 5.4 12 12zm112-180v352c0 26.5-21.5 48-48 48H48c-26.5 0-48-21.5-48-48V112c0-26.5 21.5-48 48-48h48V12c0-6.6 5.4-12 12-12h40c6.6 0 12 5.4 12 12v52h128V12c0-6.6 5.4-12 12-12h40c6.6 0 12 5.4 12 12v52h48c26.5 0 48 21.5 48 48zm-48 346V160H48v298c0 3.3 2.7 6 6 6h340c3.3 0 6-2.7 6-6z\"><\/path><\/svg>\t\t\t<\/span>\n\t\t\t\t\t\t\t\t\t<span class=\"elementor-button-text\">\u00a1Contactar ahora!<\/span>\n\t\t\t\t\t<\/span>\n\t\t\t\t\t<\/a>\n\t\t\t\t\t\t\t\t<\/div>\n\t\t\t\t<\/div>\n\t\t\t\t<\/div>\n\t\t\t\t<\/div>\n\t\t\t\t<\/div>\n\t\t\t\t\t<\/div>\n\t\t\t\t<\/div>\n\t\t<div class=\"elementor-element elementor-element-3b8d9b6 e-flex e-con-boxed e-con e-parent\" data-id=\"3b8d9b6\" data-element_type=\"container\">\n\t\t\t\t\t<div class=\"e-con-inner\">\n\t\t<div class=\"elementor-element elementor-element-f7bb2e0 e-con-full e-flex e-con e-child\" data-id=\"f7bb2e0\" data-element_type=\"container\">\n\t\t<div class=\"elementor-element elementor-element-0596eb9 e-con-full e-flex e-con e-child\" data-id=\"0596eb9\" data-element_type=\"container\">\n\t\t<div class=\"elementor-element elementor-element-3add7d9 e-con-full e-flex elementor-invisible e-con e-child\" data-id=\"3add7d9\" data-element_type=\"container\" data-settings=\"{&quot;animation&quot;:&quot;fadeInUp&quot;}\">\n\t\t<div class=\"elementor-element elementor-element-f3743c4 e-con-full animated-slow e-flex elementor-invisible e-con e-child\" data-id=\"f3743c4\" data-element_type=\"container\" data-settings=\"{&quot;animation&quot;:&quot;fadeInLeft&quot;}\">\n\t\t\t\t<div class=\"elementor-element elementor-element-1a464c0 elementor-widget elementor-widget-heading\" data-id=\"1a464c0\" data-element_type=\"widget\" data-widget_type=\"heading.default\">\n\t\t\t\t\t<p class=\"elementor-heading-title elementor-size-default\">Medicamentos dispensados internamente\n<\/p>\t\t\t\t<\/div>\n\t\t\t\t<div class=\"elementor-element elementor-element-35a92fb elementor-widget elementor-widget-text-editor\" data-id=\"35a92fb\" data-element_type=\"widget\" data-widget_type=\"text-editor.default\">\n\t\t\t\t\t\t\t\t\t<p>En American Medical Injury Centers, priorizamos su comodidad y conveniencia durante la recuperaci\u00f3n. Por eso, ofrecemos dispensaci\u00f3n de medicamentos en el consultorio (excepto narc\u00f3ticos de Clase II), para que pueda comenzar su tratamiento sin el estr\u00e9s de tener que ir a la farmacia.<\/p><p>Proporcionamos medicamentos com\u00fanmente recetados, incluidos relajantes musculares, antiinflamatorios y analg\u00e9sicos, para ayudar a controlar el malestar y apoyar su proceso de curaci\u00f3n de inmediato.<\/p><p>\u201cLa dispensaci\u00f3n interna puede realmente ahorrarles dinero a los pacientes en sus recetas, ya que el consultorio m\u00e9dico se beneficia del poder de negociaci\u00f3n colectiva que tiene el proveedor para negociar los precios de los medicamentos\u201d, afirma Dennis Wozniak, ejecutivo de ventas de \u00e1rea de Physicians\u2019 Pharmaceutical Corporation.<\/p>\t\t\t\t\t\t\t\t<\/div>\n\t\t\t\t<div class=\"elementor-element elementor-element-1289778 elementor-align-left elementor-widget elementor-widget-button\" data-id=\"1289778\" data-element_type=\"widget\" data-widget_type=\"button.default\">\n\t\t\t\t\t\t\t\t\t\t<a class=\"elementor-button elementor-button-link elementor-size-sm\" href=\"https:\/\/americanmedicalinjurycenters.com\/es\/contact\/\">\n\t\t\t\t\t\t<span class=\"elementor-button-content-wrapper\">\n\t\t\t\t\t\t<span class=\"elementor-button-icon\">\n\t\t\t\t<svg aria-hidden=\"true\" class=\"e-font-icon-svg e-far-calendar-plus\" viewbox=\"0 0 448 512\" xmlns=\"http:\/\/www.w3.org\/2000\/svg\"><path d=\"M336 292v24c0 6.6-5.4 12-12 12h-76v76c0 6.6-5.4 12-12 12h-24c-6.6 0-12-5.4-12-12v-76h-76c-6.6 0-12-5.4-12-12v-24c0-6.6 5.4-12 12-12h76v-76c0-6.6 5.4-12 12-12h24c6.6 0 12 5.4 12 12v76h76c6.6 0 12 5.4 12 12zm112-180v352c0 26.5-21.5 48-48 48H48c-26.5 0-48-21.5-48-48V112c0-26.5 21.5-48 48-48h48V12c0-6.6 5.4-12 12-12h40c6.6 0 12 5.4 12 12v52h128V12c0-6.6 5.4-12 12-12h40c6.6 0 12 5.4 12 12v52h48c26.5 0 48 21.5 48 48zm-48 346V160H48v298c0 3.3 2.7 6 6 6h340c3.3 0 6-2.7 6-6z\"><\/path><\/svg>\t\t\t<\/span>\n\t\t\t\t\t\t\t\t\t<span class=\"elementor-button-text\">\u00a1Contactar ahora!<\/span>\n\t\t\t\t\t<\/span>\n\t\t\t\t\t<\/a>\n\t\t\t\t\t\t\t\t<\/div>\n\t\t\t\t<\/div>\n\t\t\t\t<div class=\"elementor-element elementor-element-efa075a animated-slow elementor-invisible elementor-widget elementor-widget-image\" data-id=\"efa075a\" data-element_type=\"widget\" data-settings=\"{&quot;_animation&quot;:&quot;fadeInRight&quot;}\" data-widget_type=\"image.default\">\n\t\t\t\t\t\t\t\t\t\t\t\t\t\t\t<img decoding=\"async\" width=\"612\" height=\"408\" src=\"https:\/\/americanmedicalinjurycenters.com\/wp-content\/uploads\/2025\/08\/537309906.jpg\" class=\"attachment-full size-full wp-image-408\" alt=\"\" srcset=\"https:\/\/americanmedicalinjurycenters.com\/wp-content\/uploads\/2025\/08\/537309906.jpg 612w, https:\/\/americanmedicalinjurycenters.com\/wp-content\/uploads\/2025\/08\/537309906-300x200.jpg 300w\" sizes=\"(max-width: 612px) 100vw, 612px\" \/>\t\t\t\t\t\t\t\t\t\t\t\t\t\t\t<\/div>\n\t\t\t\t<\/div>\n\t\t\t\t<\/div>\n\t\t\t\t<\/div>\n\t\t\t\t\t<\/div>\n\t\t\t\t<\/div>\n\t\t<div class=\"elementor-element elementor-element-845fb68 e-flex e-con-boxed e-con e-parent\" data-id=\"845fb68\" data-element_type=\"container\">\n\t\t\t\t\t<div class=\"e-con-inner\">\n\t\t<div class=\"elementor-element elementor-element-9d56884 e-con-full e-flex e-con e-child\" data-id=\"9d56884\" data-element_type=\"container\">\n\t\t<div class=\"elementor-element elementor-element-de7de58 e-con-full e-flex e-con e-child\" data-id=\"de7de58\" data-element_type=\"container\">\n\t\t<div class=\"elementor-element elementor-element-e474654 e-con-full e-flex elementor-invisible e-con e-child\" data-id=\"e474654\" data-element_type=\"container\" data-settings=\"{&quot;animation&quot;:&quot;fadeInUp&quot;}\">\n\t\t\t\t<div class=\"elementor-element elementor-element-460c90f animated-slow elementor-invisible elementor-widget elementor-widget-image\" data-id=\"460c90f\" data-element_type=\"widget\" data-settings=\"{&quot;_animation&quot;:&quot;fadeInLeft&quot;}\" data-widget_type=\"image.default\">\n\t\t\t\t\t\t\t\t\t\t\t\t\t\t\t<img decoding=\"async\" width=\"612\" height=\"408\" src=\"https:\/\/americanmedicalinjurycenters.com\/wp-content\/uploads\/2025\/08\/669520230.jpg\" class=\"attachment-full size-full wp-image-409\" alt=\"\" srcset=\"https:\/\/americanmedicalinjurycenters.com\/wp-content\/uploads\/2025\/08\/669520230.jpg 612w, https:\/\/americanmedicalinjurycenters.com\/wp-content\/uploads\/2025\/08\/669520230-300x200.jpg 300w\" sizes=\"(max-width: 612px) 100vw, 612px\" \/>\t\t\t\t\t\t\t\t\t\t\t\t\t\t\t<\/div>\n\t\t<div class=\"elementor-element elementor-element-9dc3747 e-con-full animated-slow e-flex elementor-invisible e-con e-child\" data-id=\"9dc3747\" data-element_type=\"container\" data-settings=\"{&quot;animation&quot;:&quot;fadeInRight&quot;}\">\n\t\t\t\t<div class=\"elementor-element elementor-element-362aebd elementor-widget elementor-widget-heading\" data-id=\"362aebd\" data-element_type=\"widget\" data-widget_type=\"heading.default\">\n\t\t\t\t\t<p class=\"elementor-heading-title elementor-size-default\">Informes m\u00e9dicos r\u00e1pidos\n<\/p>\t\t\t\t<\/div>\n\t\t\t\t<div class=\"elementor-element elementor-element-beeaf22 elementor-widget elementor-widget-text-editor\" data-id=\"beeaf22\" data-element_type=\"widget\" data-widget_type=\"text-editor.default\">\n\t\t\t\t\t\t\t\t\t<p>En American Medical Injury Centers, comprendemos la importancia de recibir atenci\u00f3n oportuna y completa despu\u00e9s de un accidente. Por eso, cada paciente comienza con una consulta integral y un examen detallado por parte de un especialista m\u00e9dico para evaluar la gravedad de la lesi\u00f3n y recomendar el plan de tratamiento m\u00e1s adecuado.<\/p><p>Nos adaptamos a su agenda para que su primera visita sea lo m\u00e1s c\u00f3moda posible y coordinamos con prontitud cualquier prueba de seguimiento o derivaci\u00f3n a otros especialistas. Nuestro objetivo es brindar informes m\u00e9dicos r\u00e1pidos y precisos, as\u00ed como atenci\u00f3n compasiva, para ayudarle a comenzar su recuperaci\u00f3n sin demora.<\/p>\t\t\t\t\t\t\t\t<\/div>\n\t\t\t\t<div class=\"elementor-element elementor-element-270d6d1 elementor-align-left elementor-widget elementor-widget-button\" data-id=\"270d6d1\" data-element_type=\"widget\" data-widget_type=\"button.default\">\n\t\t\t\t\t\t\t\t\t\t<a class=\"elementor-button elementor-button-link elementor-size-sm\" href=\"https:\/\/americanmedicalinjurycenters.com\/es\/contact\/\">\n\t\t\t\t\t\t<span class=\"elementor-button-content-wrapper\">\n\t\t\t\t\t\t<span class=\"elementor-button-icon\">\n\t\t\t\t<svg aria-hidden=\"true\" class=\"e-font-icon-svg e-far-calendar-plus\" viewbox=\"0 0 448 512\" xmlns=\"http:\/\/www.w3.org\/2000\/svg\"><path d=\"M336 292v24c0 6.6-5.4 12-12 12h-76v76c0 6.6-5.4 12-12 12h-24c-6.6 0-12-5.4-12-12v-76h-76c-6.6 0-12-5.4-12-12v-24c0-6.6 5.4-12 12-12h76v-76c0-6.6 5.4-12 12-12h24c6.6 0 12 5.4 12 12v76h76c6.6 0 12 5.4 12 12zm112-180v352c0 26.5-21.5 48-48 48H48c-26.5 0-48-21.5-48-48V112c0-26.5 21.5-48 48-48h48V12c0-6.6 5.4-12 12-12h40c6.6 0 12 5.4 12 12v52h128V12c0-6.6 5.4-12 12-12h40c6.6 0 12 5.4 12 12v52h48c26.5 0 48 21.5 48 48zm-48 346V160H48v298c0 3.3 2.7 6 6 6h340c3.3 0 6-2.7 6-6z\"><\/path><\/svg>\t\t\t<\/span>\n\t\t\t\t\t\t\t\t\t<span class=\"elementor-button-text\">\u00a1Contactar ahora!<\/span>\n\t\t\t\t\t<\/span>\n\t\t\t\t\t<\/a>\n\t\t\t\t\t\t\t\t<\/div>\n\t\t\t\t<\/div>\n\t\t\t\t<\/div>\n\t\t\t\t<\/div>\n\t\t\t\t<\/div>\n\t\t\t\t\t<\/div>\n\t\t\t\t<\/div>\n\t\t<div class=\"elementor-element elementor-element-45dd2e8 e-flex e-con-boxed e-con e-parent\" data-id=\"45dd2e8\" data-element_type=\"container\">\n\t\t\t\t\t<div class=\"e-con-inner\">\n\t\t<div class=\"elementor-element elementor-element-2951b02 e-con-full e-flex e-con e-child\" data-id=\"2951b02\" data-element_type=\"container\">\n\t\t<div class=\"elementor-element elementor-element-e42b171 e-con-full e-flex e-con e-child\" data-id=\"e42b171\" data-element_type=\"container\">\n\t\t<div class=\"elementor-element elementor-element-c0dcc67 e-con-full e-flex elementor-invisible e-con e-child\" data-id=\"c0dcc67\" data-element_type=\"container\" data-settings=\"{&quot;animation&quot;:&quot;fadeInUp&quot;}\">\n\t\t<div class=\"elementor-element elementor-element-6d77fa5 e-con-full animated-slow e-flex elementor-invisible e-con e-child\" data-id=\"6d77fa5\" data-element_type=\"container\" data-settings=\"{&quot;animation&quot;:&quot;fadeInLeft&quot;}\">\n\t\t\t\t<div class=\"elementor-element elementor-element-a9a7320 elementor-widget elementor-widget-heading\" data-id=\"a9a7320\" data-element_type=\"widget\" data-widget_type=\"heading.default\">\n\t\t\t\t\t<p class=\"elementor-heading-title elementor-size-default\">Formularios para pacientes descargables e interactivos\n<\/p>\t\t\t\t<\/div>\n\t\t\t\t<div class=\"elementor-element elementor-element-0bb9e99 elementor-widget elementor-widget-text-editor\" data-id=\"0bb9e99\" data-element_type=\"widget\" data-widget_type=\"text-editor.default\">\n\t\t\t\t\t\t\t\t\t<p>En American Medical Injury Centers, valoramos su tiempo y comodidad. Para que su visita sea lo m\u00e1s fluida y eficiente posible, ofrecemos formularios descargables e interactivos de Historial M\u00e9dico y Cuestionario de Accidentes que los nuevos pacientes pueden completar en casa antes de su cita.<\/p><p>Esta conveniente opci\u00f3n le permite proporcionar informaci\u00f3n de salud importante con anticipaci\u00f3n, para que podamos dedicar m\u00e1s tiempo a su atenci\u00f3n durante su visita.<\/p>\t\t\t\t\t\t\t\t<\/div>\n\t\t\t\t<div class=\"elementor-element elementor-element-ac8f8a1 elementor-align-left elementor-widget elementor-widget-button\" data-id=\"ac8f8a1\" data-element_type=\"widget\" data-widget_type=\"button.default\">\n\t\t\t\t\t\t\t\t\t\t<a class=\"elementor-button elementor-button-link elementor-size-sm\" href=\"https:\/\/americanmedicalinjurycenters.com\/es\/contact\/\">\n\t\t\t\t\t\t<span class=\"elementor-button-content-wrapper\">\n\t\t\t\t\t\t<span class=\"elementor-button-icon\">\n\t\t\t\t<svg aria-hidden=\"true\" class=\"e-font-icon-svg e-far-calendar-plus\" viewbox=\"0 0 448 512\" xmlns=\"http:\/\/www.w3.org\/2000\/svg\"><path d=\"M336 292v24c0 6.6-5.4 12-12 12h-76v76c0 6.6-5.4 12-12 12h-24c-6.6 0-12-5.4-12-12v-76h-76c-6.6 0-12-5.4-12-12v-24c0-6.6 5.4-12 12-12h76v-76c0-6.6 5.4-12 12-12h24c6.6 0 12 5.4 12 12v76h76c6.6 0 12 5.4 12 12zm112-180v352c0 26.5-21.5 48-48 48H48c-26.5 0-48-21.5-48-48V112c0-26.5 21.5-48 48-48h48V12c0-6.6 5.4-12 12-12h40c6.6 0 12 5.4 12 12v52h128V12c0-6.6 5.4-12 12-12h40c6.6 0 12 5.4 12 12v52h48c26.5 0 48 21.5 48 48zm-48 346V160H48v298c0 3.3 2.7 6 6 6h340c3.3 0 6-2.7 6-6z\"><\/path><\/svg>\t\t\t<\/span>\n\t\t\t\t\t\t\t\t\t<span class=\"elementor-button-text\">\u00a1Contactar ahora!<\/span>\n\t\t\t\t\t<\/span>\n\t\t\t\t\t<\/a>\n\t\t\t\t\t\t\t\t<\/div>\n\t\t\t\t<\/div>\n\t\t\t\t<div class=\"elementor-element elementor-element-e3b1ce8 animated-slow elementor-invisible elementor-widget elementor-widget-image\" data-id=\"e3b1ce8\" data-element_type=\"widget\" data-settings=\"{&quot;_animation&quot;:&quot;fadeInRight&quot;}\" data-widget_type=\"image.default\">\n\t\t\t\t\t\t\t\t\t\t\t\t\t\t\t<img loading=\"lazy\" decoding=\"async\" width=\"612\" height=\"408\" src=\"https:\/\/americanmedicalinjurycenters.com\/wp-content\/uploads\/2025\/08\/812766822.jpg\" class=\"attachment-full size-full wp-image-410\" alt=\"\" srcset=\"https:\/\/americanmedicalinjurycenters.com\/wp-content\/uploads\/2025\/08\/812766822.jpg 612w, https:\/\/americanmedicalinjurycenters.com\/wp-content\/uploads\/2025\/08\/812766822-300x200.jpg 300w\" sizes=\"(max-width: 612px) 100vw, 612px\" \/>\t\t\t\t\t\t\t\t\t\t\t\t\t\t\t<\/div>\n\t\t\t\t<\/div>\n\t\t\t\t<\/div>\n\t\t\t\t<\/div>\n\t\t\t\t\t<\/div>\n\t\t\t\t<\/div>\n\t\t\t\t<section class=\"elementor-section elementor-top-section elementor-element elementor-element-6f890d12 elementor-section-stretched elementor-section-boxed elementor-section-height-default elementor-section-height-default\" data-id=\"6f890d12\" data-element_type=\"section\" data-settings=\"{&quot;stretch_section&quot;:&quot;section-stretched&quot;,&quot;background_background&quot;:&quot;video&quot;,&quot;background_video_link&quot;:&quot;https:\\\/\\\/www.youtube.com\\\/watch?v=rVVv5kUoxME&quot;}\">\n\t\t\t\t\t\t\t\t<div class=\"elementor-background-video-container elementor-hidden-mobile\" aria-hidden=\"true\">\n\t\t\t\t\t\t\t\t\t\t\t\t\t<div class=\"elementor-background-video-embed\"><\/div>\n\t\t\t\t\t\t\t\t\t\t\t\t<\/div>\n\t\t\t\t\t\t\t\t\t<div class=\"elementor-background-overlay\"><\/div>\n\t\t\t\t\t\t\t<div class=\"elementor-container elementor-column-gap-default\">\n\t\t\t\t\t<div class=\"elementor-column elementor-col-100 elementor-top-column elementor-element elementor-element-7117a33b\" data-id=\"7117a33b\" data-element_type=\"column\" data-settings=\"{&quot;background_background&quot;:&quot;classic&quot;}\">\n\t\t\t<div class=\"elementor-widget-wrap elementor-element-populated\">\n\t\t\t\t\t\t<section class=\"elementor-section elementor-inner-section elementor-element elementor-element-11b0a02 elementor-section-boxed elementor-section-height-default elementor-section-height-default\" data-id=\"11b0a02\" data-element_type=\"section\" data-settings=\"{&quot;background_background&quot;:&quot;classic&quot;}\">\n\t\t\t\t\t\t<div class=\"elementor-container elementor-column-gap-default\">\n\t\t\t\t\t<div class=\"elementor-column elementor-col-50 elementor-inner-column elementor-element elementor-element-4fbd66d2 elementor-invisible\" data-id=\"4fbd66d2\" data-element_type=\"column\" data-settings=\"{&quot;animation&quot;:&quot;fadeInUp&quot;}\">\n\t\t\t<div class=\"elementor-widget-wrap elementor-element-populated\">\n\t\t\t\t\t\t<div class=\"elementor-element elementor-element-4e09071f elementor-widget elementor-widget-text-editor\" data-id=\"4e09071f\" data-element_type=\"widget\" data-widget_type=\"text-editor.default\">\n\t\t\t\t\t\t\t\t\t<div class=\"qx-subtitle\"><p>Si necesita atenci\u00f3n urgente, simplemente llame a nuestra l\u00ednea directa de emergencia las 24 horas.<\/p><\/div>\t\t\t\t\t\t\t\t<\/div>\n\t\t\t\t<div class=\"elementor-element elementor-element-57bd12d1 elementor-widget elementor-widget-heading\" data-id=\"57bd12d1\" data-element_type=\"widget\" data-widget_type=\"heading.default\">\n\t\t\t\t\t<h2 class=\"elementor-heading-title elementor-size-default\">Tu gestor de caso personal se asegurar\u00e1 de que recibas la mejor atenci\u00f3n posible.<\/h2>\t\t\t\t<\/div>\n\t\t\t\t\t<\/div>\n\t\t<\/div>\n\t\t\t\t<div class=\"elementor-column elementor-col-50 elementor-inner-column elementor-element elementor-element-461ac58d elementor-invisible\" data-id=\"461ac58d\" data-element_type=\"column\" data-settings=\"{&quot;animation&quot;:&quot;fadeInUp&quot;,&quot;animation_delay&quot;:100}\">\n\t\t\t<div class=\"elementor-widget-wrap elementor-element-populated\">\n\t\t\t\t\t\t<div class=\"elementor-element elementor-element-7e7d6b2f elementor-widget elementor-widget-text-editor\" data-id=\"7e7d6b2f\" data-element_type=\"widget\" data-widget_type=\"text-editor.default\">\n\t\t\t\t\t\t\t\t\t<p>Llama ahora (gratis)<\/p>\t\t\t\t\t\t\t\t<\/div>\n\t\t\t\t<div class=\"elementor-element elementor-element-8868bf7 elementor-widget elementor-widget-heading\" data-id=\"8868bf7\" data-element_type=\"widget\" data-widget_type=\"heading.default\">\n\t\t\t\t\t<p class=\"elementor-heading-title elementor-size-default\"><a href=\"tel:%20+14704043155\">(470) 404 3155<\/a><\/p>\t\t\t\t<\/div>\n\t\t\t\t\t<\/div>\n\t\t<\/div>\n\t\t\t\t\t<\/div>\n\t\t<\/section>\n\t\t\t\t\t<\/div>\n\t\t<\/div>\n\t\t\t\t\t<\/div>\n\t\t<\/section>\n\t\t\t\t<\/div>","protected":false},"excerpt":{"rendered":"<p>Patient Services Our services are designed to diagnose, treat, and meet your accidental injury needs. Immediate Appointment Availability At American Medical Injury Centers, we understand that injuries can happen unexpectedly and require prompt medical attention. That\u2019s why our personal injury doctors reserve dedicated appointment times for patients with acute injuries who need immediate care, while [&hellip;]<\/p>","protected":false},"author":1,"featured_media":0,"parent":0,"menu_order":0,"comment_status":"closed","ping_status":"closed","template":"","meta":{"_joinchat":[],"footnotes":""},"class_list":["post-59","page","type-page","status-publish","hentry"],"_links":{"self":[{"href":"https:\/\/americanmedicalinjurycenters.com\/es\/wp-json\/wp\/v2\/pages\/59","targetHints":{"allow":["GET"]}}],"collection":[{"href":"https:\/\/americanmedicalinjurycenters.com\/es\/wp-json\/wp\/v2\/pages"}],"about":[{"href":"https:\/\/americanmedicalinjurycenters.com\/es\/wp-json\/wp\/v2\/types\/page"}],"author":[{"embeddable":true,"href":"https:\/\/americanmedicalinjurycenters.com\/es\/wp-json\/wp\/v2\/users\/1"}],"replies":[{"embeddable":true,"href":"https:\/\/americanmedicalinjurycenters.com\/es\/wp-json\/wp\/v2\/comments?post=59"}],"version-history":[{"count":47,"href":"https:\/\/americanmedicalinjurycenters.com\/es\/wp-json\/wp\/v2\/pages\/59\/revisions"}],"predecessor-version":[{"id":769,"href":"https:\/\/americanmedicalinjurycenters.com\/es\/wp-json\/wp\/v2\/pages\/59\/revisions\/769"}],"wp:attachment":[{"href":"https:\/\/americanmedicalinjurycenters.com\/es\/wp-json\/wp\/v2\/media?parent=59"}],"curies":[{"name":"wp","href":"https:\/\/api.w.org\/{rel}","templated":true}]}}